{"id":60,"date":"2018-12-22T10:58:11","date_gmt":"2018-12-22T10:58:11","guid":{"rendered":"http:\/\/picsadd.de\/?page_id=60"},"modified":"2019-01-27T19:26:06","modified_gmt":"2019-01-27T19:26:06","slug":"impressum","status":"publish","type":"page","link":"https:\/\/tierarzt-pankow.de\/?page_id=60","title":{"rendered":"Impressum"},"content":{"rendered":"\n<p>F\u00fcr den Inhalt verantwortlich: Ulrike Schlichting, Wilhelm-Kuhr-Str. 2, 13187 Berlin, praxis@tierarzt-pankow.de<br> UsSt.Nr.: 35\/511\/64632, FA Berlin-Pankow<br> Praktische Tier\u00e4rztin, Deutschland, Mitglied der Tier\u00e4rzte Kammer Berlin<br> Wir \u00fcbernehmen keine Haftung f\u00fcr den Inhalt externer Links<br> Tierarzt in Berlin Pankow Niedersch\u00f6nhausen, unmittelbar am B\u00fcrgerpark, n\u00e4he Breite Str., Wollankstr., www.tierarzt-pankow.de<br> Fotos: Anne Sch\u00f6nharting<br> Webdesign: Malte Schlichting <\/p>\n","protected":false},"excerpt":{"rendered":"<p>F\u00fcr den Inhalt verantwortlich: Ulrike Schlichting, Wilhelm-Kuhr-Str. 2, 13187 Berlin, praxis@tierarzt-pankow.de UsSt.Nr.: 35\/511\/64632, FA Berlin-Pankow Praktische Tier\u00e4rztin, Deutschland, Mitglied der Tier\u00e4rzte Kammer Berlin Wir \u00fcbernehmen keine Haftung f\u00fcr den Inhalt externer Links Tierarzt in Berlin Pankow Niedersch\u00f6nhausen, unmittelbar am B\u00fcrgerpark, n\u00e4he Breite Str., Wollankstr., www.tierarzt-pankow.de Fotos: Anne Sch\u00f6nharting Webdesign: Malte Schlichting<\/p>\n","protected":false},"author":1,"featured_media":0,"parent":0,"menu_order":0,"comment_status":"closed","ping_status":"closed","template":"","meta":[],"_links":{"self":[{"href":"https:\/\/tierarzt-pankow.de\/index.php?rest_route=\/wp\/v2\/pages\/60"}],"collection":[{"href":"https:\/\/tierarzt-pankow.de\/index.php?rest_route=\/wp\/v2\/pages"}],"about":[{"href":"https:\/\/tierarzt-pankow.de\/index.php?rest_route=\/wp\/v2\/types\/page"}],"author":[{"embeddable":true,"href":"https:\/\/tierarzt-pankow.de\/index.php?rest_route=\/wp\/v2\/users\/1"}],"replies":[{"embeddable":true,"href":"https:\/\/tierarzt-pankow.de\/index.php?rest_route=%2Fwp%2Fv2%2Fcomments&post=60"}],"version-history":[{"count":2,"href":"https:\/\/tierarzt-pankow.de\/index.php?rest_route=\/wp\/v2\/pages\/60\/revisions"}],"predecessor-version":[{"id":123,"href":"https:\/\/tierarzt-pankow.de\/index.php?rest_route=\/wp\/v2\/pages\/60\/revisions\/123"}],"wp:attachment":[{"href":"https:\/\/tierarzt-pankow.de\/index.php?rest_route=%2Fwp%2Fv2%2Fmedia&parent=60"}],"curies":[{"name":"wp","href":"https:\/\/api.w.org\/{rel}","templated":true}]}}