{"id":51,"date":"2018-12-22T10:50:30","date_gmt":"2018-12-22T10:50:30","guid":{"rendered":"http:\/\/picsadd.de\/?page_id=51"},"modified":"2019-05-30T08:35:32","modified_gmt":"2019-05-30T08:35:32","slug":"anfahrt","status":"publish","type":"page","link":"https:\/\/tierarzt-pankow.de\/?page_id=51","title":{"rendered":"Anfahrt"},"content":{"rendered":"\n<figure class=\"wp-block-image\"><img decoding=\"async\" loading=\"lazy\" width=\"380\" height=\"299\" src=\"http:\/\/picsadd.de\/wp-content\/uploads\/2018\/12\/standort.jpg\" alt=\"\" class=\"wp-image-97\" srcset=\"https:\/\/tierarzt-pankow.de\/wp-content\/uploads\/2018\/12\/standort.jpg 380w, https:\/\/tierarzt-pankow.de\/wp-content\/uploads\/2018\/12\/standort-300x236.jpg 300w\" sizes=\"(max-width: 380px) 100vw, 380px\" \/><\/figure>\n\n\n\n<p><a href=\"https:\/\/goo.gl\/maps\/DcVcffvhEVZpipuJ8\" target=\"_blank\" rel=\"noreferrer noopener\" aria-label=\" (\u00f6ffnet in neuem Tab)\">Wilhelm-Kuhr-Str. 2, 13187 Berlin-Pankow (Google Maps)<\/a><br><br> Parkpl\u00e4tze sind im Hof mit direktem Zugang zur Praxis \u00fcber Sch\u00f6nholzer Str. erreichbar.<\/p>\n","protected":false},"excerpt":{"rendered":"<p>Wilhelm-Kuhr-Str. 2, 13187 Berlin-Pankow (Google Maps) Parkpl\u00e4tze sind im Hof mit direktem Zugang zur Praxis \u00fcber Sch\u00f6nholzer Str. erreichbar.<\/p>\n","protected":false},"author":1,"featured_media":0,"parent":0,"menu_order":0,"comment_status":"closed","ping_status":"closed","template":"","meta":[],"_links":{"self":[{"href":"https:\/\/tierarzt-pankow.de\/index.php?rest_route=\/wp\/v2\/pages\/51"}],"collection":[{"href":"https:\/\/tierarzt-pankow.de\/index.php?rest_route=\/wp\/v2\/pages"}],"about":[{"href":"https:\/\/tierarzt-pankow.de\/index.php?rest_route=\/wp\/v2\/types\/page"}],"author":[{"embeddable":true,"href":"https:\/\/tierarzt-pankow.de\/index.php?rest_route=\/wp\/v2\/users\/1"}],"replies":[{"embeddable":true,"href":"https:\/\/tierarzt-pankow.de\/index.php?rest_route=%2Fwp%2Fv2%2Fcomments&post=51"}],"version-history":[{"count":12,"href":"https:\/\/tierarzt-pankow.de\/index.php?rest_route=\/wp\/v2\/pages\/51\/revisions"}],"predecessor-version":[{"id":126,"href":"https:\/\/tierarzt-pankow.de\/index.php?rest_route=\/wp\/v2\/pages\/51\/revisions\/126"}],"wp:attachment":[{"href":"https:\/\/tierarzt-pankow.de\/index.php?rest_route=%2Fwp%2Fv2%2Fmedia&parent=51"}],"curies":[{"name":"wp","href":"https:\/\/api.w.org\/{rel}","templated":true}]}}