{"id":32,"date":"2018-12-22T10:42:05","date_gmt":"2018-12-22T10:42:05","guid":{"rendered":"http:\/\/picsadd.de\/?page_id=32"},"modified":"2019-01-27T18:26:15","modified_gmt":"2019-01-27T18:26:15","slug":"die-praxis","status":"publish","type":"page","link":"https:\/\/tierarzt-pankow.de\/?page_id=32","title":{"rendered":"Die Praxis"},"content":{"rendered":"\n<div class=\"wp-block-image\"><figure class=\"alignleft\"><img decoding=\"async\" loading=\"lazy\" width=\"380\" height=\"254\" src=\"http:\/\/picsadd.de\/wp-content\/uploads\/2018\/12\/terrasse.jpg\" alt=\"Die Terrasse.\" class=\"wp-image-38\" srcset=\"https:\/\/tierarzt-pankow.de\/wp-content\/uploads\/2018\/12\/terrasse.jpg 380w, https:\/\/tierarzt-pankow.de\/wp-content\/uploads\/2018\/12\/terrasse-300x201.jpg 300w\" sizes=\"(max-width: 380px) 100vw, 380px\" \/><figcaption><br>Unsere Praxis ist zentral gelegen, bietet einen sch\u00f6nen Wartebereich auch auf der Terasse und unsere Ausstattung ist umfangreich.<\/figcaption><\/figure><\/div>\n\n\n\n<div class=\"wp-block-image\"><figure class=\"alignleft\"><img decoding=\"async\" loading=\"lazy\" width=\"380\" height=\"247\" src=\"http:\/\/picsadd.de\/wp-content\/uploads\/2018\/12\/empfang.jpg\" alt=\"\" class=\"wp-image-35\" srcset=\"https:\/\/tierarzt-pankow.de\/wp-content\/uploads\/2018\/12\/empfang.jpg 380w, https:\/\/tierarzt-pankow.de\/wp-content\/uploads\/2018\/12\/empfang-300x195.jpg 300w\" sizes=\"(max-width: 380px) 100vw, 380px\" \/><figcaption><br>Wir arbeiten mit moderner Software und Sie erhalten eine detaillierte und \u00fcbersichtliche Quittung. Wir rechnen nach der Geb\u00fchrenordnung f\u00fcr Tier\u00e4rzte (GOT) ab.<\/figcaption><\/figure><\/div>\n\n\n\n<div class=\"wp-block-image\"><figure class=\"alignleft\"><img decoding=\"async\" loading=\"lazy\" width=\"380\" height=\"246\" src=\"http:\/\/picsadd.de\/wp-content\/uploads\/2018\/12\/behandlung.jpg\" alt=\"\" class=\"wp-image-34\" srcset=\"https:\/\/tierarzt-pankow.de\/wp-content\/uploads\/2018\/12\/behandlung.jpg 380w, https:\/\/tierarzt-pankow.de\/wp-content\/uploads\/2018\/12\/behandlung-300x194.jpg 300w\" sizes=\"(max-width: 380px) 100vw, 380px\" \/><figcaption><br>Wir behandeln alle kleinen Haustiere und freuen uns schon auf Ihres.<\/figcaption><\/figure><\/div>\n\n\n\n<div class=\"wp-block-image\"><figure class=\"alignleft\"><img decoding=\"async\" loading=\"lazy\" width=\"380\" height=\"246\" src=\"http:\/\/picsadd.de\/wp-content\/uploads\/2018\/12\/operation_labor.jpg\" alt=\"\" class=\"wp-image-37\" srcset=\"https:\/\/tierarzt-pankow.de\/wp-content\/uploads\/2018\/12\/operation_labor.jpg 380w, https:\/\/tierarzt-pankow.de\/wp-content\/uploads\/2018\/12\/operation_labor-300x194.jpg 300w\" sizes=\"(max-width: 380px) 100vw, 380px\" \/><figcaption><br>Labor<br> Zahn-Ultraschall<br> Operationen<br> Station<br> R\u00f6ntgen<br> Inhalationsnarkose<br> Urin- und Kotuntersuchung<br> Futtermittel<br> Blutegeltherapie<br> Hom\u00f6opatie<br> Phytotherapie<\/figcaption><\/figure><\/div>\n\n\n\n<p style=\"text-align:left\"><\/p>\n","protected":false},"excerpt":{"rendered":"","protected":false},"author":1,"featured_media":0,"parent":0,"menu_order":0,"comment_status":"closed","ping_status":"closed","template":"","meta":[],"_links":{"self":[{"href":"https:\/\/tierarzt-pankow.de\/index.php?rest_route=\/wp\/v2\/pages\/32"}],"collection":[{"href":"https:\/\/tierarzt-pankow.de\/index.php?rest_route=\/wp\/v2\/pages"}],"about":[{"href":"https:\/\/tierarzt-pankow.de\/index.php?rest_route=\/wp\/v2\/types\/page"}],"author":[{"embeddable":true,"href":"https:\/\/tierarzt-pankow.de\/index.php?rest_route=\/wp\/v2\/users\/1"}],"replies":[{"embeddable":true,"href":"https:\/\/tierarzt-pankow.de\/index.php?rest_route=%2Fwp%2Fv2%2Fcomments&post=32"}],"version-history":[{"count":10,"href":"https:\/\/tierarzt-pankow.de\/index.php?rest_route=\/wp\/v2\/pages\/32\/revisions"}],"predecessor-version":[{"id":115,"href":"https:\/\/tierarzt-pankow.de\/index.php?rest_route=\/wp\/v2\/pages\/32\/revisions\/115"}],"wp:attachment":[{"href":"https:\/\/tierarzt-pankow.de\/index.php?rest_route=%2Fwp%2Fv2%2Fmedia&parent=32"}],"curies":[{"name":"wp","href":"https:\/\/api.w.org\/{rel}","templated":true}]}}