{"id":175,"date":"2021-12-17T16:53:40","date_gmt":"2021-12-17T16:53:40","guid":{"rendered":"http:\/\/tierarzt-pankow.de\/?page_id=175"},"modified":"2022-10-07T15:45:14","modified_gmt":"2022-10-07T15:45:14","slug":"notdienst-in-berlin","status":"publish","type":"page","link":"https:\/\/tierarzt-pankow.de\/?page_id=175","title":{"rendered":"Notdienst in Berlin"},"content":{"rendered":"\n<p>Liebe Tierbesitzer:innen,&nbsp;<\/p>\n\n\n\n<p>auch au\u00dferhalb unserer \u00d6ffnungszeiten, am Wochenende oder Feiertags finden Sie in Berlin dienstbereite Tierarztpraxen\/-kliniken.&nbsp;<strong>Eine telefonische Voranmeldung ist immer notwendig!<\/strong><\/p>\n\n\n\n<p><strong>Dienstbereite Praxen \/ t\u00e4glich 24 Stunden ge\u00f6ffnet<\/strong><\/p>\n\n\n\n<ul><li>Tierarztpraxis B\u00e4renwiese Czempiel-Bartels, Uhlandstr 151, 10719 Berlin, 030 23 36 26 27<\/li><li>Tierarztpraxis R\u00f6diger, Scharnweberstr. 136, 13405 Berlin, 030 412 73 57<\/li><\/ul>\n\n\n\n<p><strong>Praxen mit \u00d6ffnungs-\/Notdienstzeiten am Wochenende und an den Feiertagen<\/strong><\/p>\n\n\n\n<ul><li>Tierarztpraxis S\u00f6rensen,\u00a0<a rel=\"noreferrer noopener\" href=\"https:\/\/www.google.com\/maps\/place\/Tierarztpraxis+Dr.+S%C3%B6rensen+GmbH\/@52.4297276,13.317804,17z\/data=!3m2!4b1!5s0x47a85ae45b937331:0xf96b24bdf0dfcebb!4m5!3m4!1s0x47a85ae440e80865:0x873bf7d70704227b!8m2!3d52.4297884!4d13.3200782\" target=\"_blank\">K\u00f6nigsberger Str. 36, 12207 Berlin (Lichterfelde)<\/a>, 030 77 38 321, Mo-Fr. 9-20 Uhr, Sa+So+Feiertags 10-18 Uhr<\/li><li>Tierarztpraxis Lenk,\u00a0<a rel=\"noreferrer noopener\" href=\"https:\/\/www.google.com\/maps\/place\/Tierarztpraxis+und+Tierphysiotherapie+Uwe+Lenk\/@52.5533838,13.40783,15z\/data=!4m9!1m2!2m1!1stierarztpraxis+lenk!3m5!1s0x47a85204e4613689:0x80002afdc49ca4a7!8m2!3d52.5504108!4d13.408295!15sChN0aWVyYXJ6dHByYXhpcyBsZW5rkgEMdmV0ZXJpbmFyaWFu\" target=\"_blank\">Sch\u00f6nflie\u00dfer Str. 1, 10439 Berlin (Prenzlauer Berg)<\/a>,\u00a0\u00a0\u00a0\u00a0\u00a0\u00a0\u00a0\u00a0\u00a0\u00a0\u00a0\u00a0\u00a0\u00a0\u00a0\u00a0\u00a0\u00a0\u00a0\u00a0\u00a0\u00a0030 44 69 769, Mo-Fr 8-19 Uhr, Sa 9-18 Uhr, So+Feiertag 10-18 Uhr<\/li><li>Tierarztpraxis am Tierheim Berlin, Dr. Nerlich,\u00a0<a rel=\"noreferrer noopener\" href=\"https:\/\/www.google.com\/maps\/place\/Tierarztpraxis+Dr.+Annica+Nerlich\/@52.5743454,13.5443383,17z\/data=!3m1!4b1!4m5!3m4!1s0x47a84c86e56d813d:0x49c86052bda5e729!8m2!3d52.5743454!4d13.546527\" target=\"_blank\">Hausvaterweg 39, 13057 Berlin-Falkenberg<\/a>, 030 93 66 22 00, Mo-Fr 10-20 Uhr, Sa+So 10-17 Uhr, Feiertag 11-14 Uhr<\/li><li>Tierarztpraxis SmartVet,\u00a0<a rel=\"noreferrer noopener\" href=\"https:\/\/www.google.com\/maps\/place\/SmartVet+Tierarztpraxis+Berlin-Pankow\/@52.5884245,13.4275802,17z\/data=!3m1!4b1!4m5!3m4!1s0x47a852869aaf3f49:0xad7dbeaab4648b23!8m2!3d52.5884341!4d13.4297723\" target=\"_blank\">Pasewalker Stra\u00dfe 25, 13127 Berlin (Pankow)<\/a><br>030 47 46 92 32, Mo-Fr 9-19 Uhr, Sa 9-16 Uhr, So 11-13 Uhr<\/li><li>Tierarztpraxis G\u00f6bel,\u00a0<a rel=\"noreferrer noopener\" href=\"https:\/\/www.google.com\/maps\/place\/Kleintierpraxis+Privatdozent+Dr.+Thomas+G%C3%B6bel\/@52.4784862,13.3065774,17z\/data=!4m13!1m7!3m6!1s0x47a8509001f2ec77:0xcb3f2c688d4605c!2sMecklenburgische+Str.+27,+14197+Berlin!3b1!8m2!3d52.478483!4d13.3087661!3m4!1s0x47a8509001f2ec77:0xb01fd65826e4bca3!8m2!3d52.4783353!4d13.3085692\" target=\"_blank\">Mecklenburgische Str. 27, 14197 Berlin<\/a>, 030 89 73 68 68, Mo-Fr 9-12 Uhr u. 16-19 Uhr, Sa 10-13 Uhr, So 11-12 Uhr (nur Notdienst)<\/li><li>valera &#8211; Medizinisches Kleintierzentrum Berlin,\u00a0<a rel=\"noreferrer noopener\" href=\"https:\/\/www.google.com\/maps\/place\/Valera+Medizinisches+Kleintierzentrum+Berlin\/@52.4337466,13.244606,17z\/data=!3m1!4b1!4m5!3m4!1s0x47a85bc4b5b44561:0x815ff66b6440125e!8m2!3d52.4337466!4d13.2467947\" target=\"_blank\">Potsdamer Str. 23\/24,14163 Berlin<\/a>, 030 20 10 80 50 750, Mo-Fr. 9-19 Uhr Sprechstd. 19-22 Uhr Notdienst, Sa 10-14 Uhr Sprechstd. 14-22 Uhr Notdienst, So 10-22 Uhr Notdienst\u00a0<\/li><li>Tier\u00e4rztliche Praxis Anicura Sch\u00f6nflie\u00df,\u00a0<a rel=\"noreferrer noopener\" href=\"https:\/\/www.google.com\/maps\/place\/AniCura+Sch%C3%B6nflie%C3%9F\/@52.6577955,13.3368868,17z\/data=!4m13!1m7!3m6!1s0x47a9ab5da3b85c33:0x9b9ea68dd1b9dce8!2sAm+Anger+6,+16567+M%C3%BChlenbecker+Land!3b1!8m2!3d52.6577923!4d13.3390755!3m4!1s0x47a9ab5da2484285:0xfeeebcb636799053!8m2!3d52.6577704!4d13.3390612\" target=\"_blank\">Am Anger 6 \/ OT Sch\u00f6nflie\u00df, 16567 M\u00fchlenbecker Land<\/a>, 033056 43 800, Mo-Fr 10-20 Uhr, Sa u. So 10:30-12 Uhr u. 12-18 Uhr, Feiertag 10-18 Uhr, t\u00e4glich im Notfall 7-22 Uhr<\/li><\/ul>\n\n\n\n<p><strong>Tierkliniken f\u00fcr Klein- und Heimtiere<\/strong><\/p>\n\n\n\n<ul><li>Klinik f\u00fcr Klein- und Heimtiere,\u00a0<a rel=\"noreferrer noopener\" href=\"http:\/\/maps.google.de\/maps?q=Tierklinik+Biesdorf+in+Marzahn&amp;cd=1&amp;ei=dA-yS8_zMZKfsgazpdSdDw&amp;sll=52.50885,13.555824&amp;sspn=0.006295,0.006295&amp;ie=UTF8&amp;hl=de&amp;view=map&amp;cid=6223014176108781773&amp;ved=0CEYQpQY&amp;hq=Tierklinik+Biesdorf+in+Marzahn&amp;hnear=&amp;ll=52.509613,13.55582&amp;spn=0.010657,0.018947&amp;z=16&amp;iwloc=A\" target=\"_blank\">Alt-Biesdorf 22, 12683 Berlin<\/a>\u00a0(Biesdorf), 030 51 43 760<\/li><li>Klinik f\u00fcr Kleintiere,\u00a0<a rel=\"noreferrer noopener\" href=\"http:\/\/maps.google.de\/maps?q=L%C3%B6we+Gisa+Dr.+Tier%C3%A4rztin&amp;cd=1&amp;ei=wQ-yS-fuD9CvsAby-pyFDw&amp;sll=52.555837,13.553506&amp;sspn=0.006295,0.006295&amp;ie=UTF8&amp;hl=de&amp;view=map&amp;cid=11400286144914151221&amp;ved=0CEwQpQY&amp;hq=L%C3%B6we+Gisa+Dr.+Tier%C3%A4rztin&amp;hnear=&amp;ll=52.556329,13.553503&amp;spn=0.010645,0.018947&amp;z=16&amp;iwloc=A\" target=\"_blank\">M\u00e4rkische Allee 258, 12679 Berlin<\/a>\u00a0(Marzahn), 030 93 22 093<\/li><li>Tier\u00e4rztliche Klinik f\u00fcr Hunde und Katzen, Kleintierspezialisten (Dr. Robert H\u00f6pfner \/ Dr. Kay Schmerbach),<a rel=\"noreferrer noopener\" href=\"https:\/\/goo.gl\/maps\/9stmhzrEPnZVwmvi9\" target=\"_blank\">Wittestr. 30 P, 13509 Berlin<\/a>\u00a0(Reinickendorf), 030 43 66 22 00\u00a0z.Zt. nur Mo. &#8211; Fr.: 09.00-20.00 Uhr; Sa. &amp; So. &amp; Feiertage: 14.00 &#8211; 19.00<\/li><li>Freie Universit\u00e4t Berlin, Klinik und Poliklinik f\u00fcr kleine Haustiere,\u00a0<a rel=\"noreferrer noopener\" href=\"http:\/\/maps.google.de\/maps?q=Kleintierklinik+der+FU+Berlin&amp;cd=1&amp;ei=9w-yS8fhMY6VsgaTn8ikDw&amp;sll=52.430145,13.237393&amp;sspn=0.006295,0.00704&amp;ie=UTF8&amp;hl=de&amp;view=map&amp;cid=4305244694285819897&amp;ved=0CBkQpQY&amp;hq=Kleintierklinik+der+FU+Berlin&amp;hnear=&amp;ll=52.431172,13.235092&amp;spn=0.010676,0.018947&amp;z=16&amp;iwloc=A\" target=\"_blank\">Oertzenweg 19b, 14163 Berlin<\/a>(Zehlendorf), 030 83 86 23 56,\u00a0z.Zt. nur Mo-Fr 8 &#8211; 20 Uhr<\/li><li>AniCura Tierklinik Potsdam GmbH,<a rel=\"noreferrer noopener\" href=\"https:\/\/www.google.com\/maps\/place\/AniCura+Tierklinik+Potsdam\/@52.3940496,13.0090806,17z\/data=!4m13!1m7!3m6!1s0x47a8f43f1234117f:0xac15e5fc182def23!2sAm+Wildpark+1,+14471+Potsdam!3b1!8m2!3d52.3940463!4d13.0112693!3m4!1s0x47a8f43f1230b9bf:0x9e64713e2dc25025!8m2!3d52.3935069!4d13.0111744\" target=\"_blank\">\u00a0Am Wildpark 1, 14469 Potsdam<\/a>, 0331 5057560<\/li><\/ul>\n","protected":false},"excerpt":{"rendered":"<p>Liebe Tierbesitzer:innen,&nbsp; auch au\u00dferhalb unserer \u00d6ffnungszeiten, am Wochenende oder Feiertags finden Sie in Berlin dienstbereite Tierarztpraxen\/-kliniken.&nbsp;Eine telefonische Voranmeldung ist immer notwendig! Dienstbereite Praxen \/ t\u00e4glich 24 Stunden ge\u00f6ffnet Tierarztpraxis B\u00e4renwiese Czempiel-Bartels, Uhlandstr 151, 10719 Berlin, 030 23 36 26 27 Tierarztpraxis R\u00f6diger, Scharnweberstr. 136, 13405 Berlin, 030 412 73 57 Praxen mit \u00d6ffnungs-\/Notdienstzeiten am Wochenende &hellip; <\/p>\n<p class=\"link-more\"><a href=\"https:\/\/tierarzt-pankow.de\/?page_id=175\" class=\"more-link\"><span class=\"screen-reader-text\">\u201eNotdienst in Berlin\u201c<\/span> weiterlesen<\/a><\/p>\n","protected":false},"author":1,"featured_media":0,"parent":0,"menu_order":0,"comment_status":"closed","ping_status":"closed","template":"","meta":[],"_links":{"self":[{"href":"https:\/\/tierarzt-pankow.de\/index.php?rest_route=\/wp\/v2\/pages\/175"}],"collection":[{"href":"https:\/\/tierarzt-pankow.de\/index.php?rest_route=\/wp\/v2\/pages"}],"about":[{"href":"https:\/\/tierarzt-pankow.de\/index.php?rest_route=\/wp\/v2\/types\/page"}],"author":[{"embeddable":true,"href":"https:\/\/tierarzt-pankow.de\/index.php?rest_route=\/wp\/v2\/users\/1"}],"replies":[{"embeddable":true,"href":"https:\/\/tierarzt-pankow.de\/index.php?rest_route=%2Fwp%2Fv2%2Fcomments&post=175"}],"version-history":[{"count":6,"href":"https:\/\/tierarzt-pankow.de\/index.php?rest_route=\/wp\/v2\/pages\/175\/revisions"}],"predecessor-version":[{"id":185,"href":"https:\/\/tierarzt-pankow.de\/index.php?rest_route=\/wp\/v2\/pages\/175\/revisions\/185"}],"wp:attachment":[{"href":"https:\/\/tierarzt-pankow.de\/index.php?rest_route=%2Fwp%2Fv2%2Fmedia&parent=175"}],"curies":[{"name":"wp","href":"https:\/\/api.w.org\/{rel}","templated":true}]}}