{"id":127,"date":"2019-05-30T08:49:55","date_gmt":"2019-05-30T08:49:55","guid":{"rendered":"http:\/\/tierarzt-pankow.de\/?page_id=127"},"modified":"2025-08-06T10:02:44","modified_gmt":"2025-08-06T10:02:44","slug":"kontakt","status":"publish","type":"page","link":"https:\/\/tierarzt-pankow.de\/?page_id=127","title":{"rendered":"Kontakt"},"content":{"rendered":"\n<p><strong>Tierarztpraxis am B\u00fcrgerpark<\/strong><br><strong>Ulrike Schlichting<\/strong> <\/p>\n\n\n\n<p> Wilhelm-Kuhr-Stra\u00dfe 2<br>13187 Berlin <\/p>\n\n\n\n<p><strong>\u00d6ffnungszeiten:<\/strong><br>Bitte informieren Sie sich telefonisch!<br>Mo, Mi: 14:00 \u2013 19:00<br>Di, Do:    9:00 \u2013 14:00<br>Fr:          10:00 \u2013 15:00<br>Samstag und weitere Termine: nach Vereinbarung<\/p>\n\n\n\n<figure class=\"wp-block-table is-style-stripes\"><table><tbody><tr><td>Telefon:<\/td><td> 030 \/ 48 47 94 00<\/td><\/tr><tr><td>E-Mail:<\/td><td>praxis@tierarzt-pankow.de<\/td><\/tr><tr><td>Fax:<\/td><td>030 \/ 48 47 94 01<\/td><\/tr><\/tbody><\/table><\/figure>\n","protected":false},"excerpt":{"rendered":"<p>Tierarztpraxis am B\u00fcrgerparkUlrike Schlichting Wilhelm-Kuhr-Stra\u00dfe 213187 Berlin \u00d6ffnungszeiten:Bitte informieren Sie sich telefonisch!Mo, Mi: 14:00 \u2013 19:00Di, Do: 9:00 \u2013 14:00Fr: 10:00 \u2013 15:00Samstag und weitere Termine: nach Vereinbarung Telefon: 030 \/ 48 47 94 00 E-Mail: praxis@tierarzt-pankow.de Fax: 030 \/ 48 47 94 01<\/p>\n","protected":false},"author":1,"featured_media":0,"parent":0,"menu_order":0,"comment_status":"closed","ping_status":"closed","template":"","meta":[],"_links":{"self":[{"href":"https:\/\/tierarzt-pankow.de\/index.php?rest_route=\/wp\/v2\/pages\/127"}],"collection":[{"href":"https:\/\/tierarzt-pankow.de\/index.php?rest_route=\/wp\/v2\/pages"}],"about":[{"href":"https:\/\/tierarzt-pankow.de\/index.php?rest_route=\/wp\/v2\/types\/page"}],"author":[{"embeddable":true,"href":"https:\/\/tierarzt-pankow.de\/index.php?rest_route=\/wp\/v2\/users\/1"}],"replies":[{"embeddable":true,"href":"https:\/\/tierarzt-pankow.de\/index.php?rest_route=%2Fwp%2Fv2%2Fcomments&post=127"}],"version-history":[{"count":10,"href":"https:\/\/tierarzt-pankow.de\/index.php?rest_route=\/wp\/v2\/pages\/127\/revisions"}],"predecessor-version":[{"id":206,"href":"https:\/\/tierarzt-pankow.de\/index.php?rest_route=\/wp\/v2\/pages\/127\/revisions\/206"}],"wp:attachment":[{"href":"https:\/\/tierarzt-pankow.de\/index.php?rest_route=%2Fwp%2Fv2%2Fmedia&parent=127"}],"curies":[{"name":"wp","href":"https:\/\/api.w.org\/{rel}","templated":true}]}}